{"id":310,"date":"2021-06-24T20:40:08","date_gmt":"2021-06-24T20:40:08","guid":{"rendered":"https:\/\/lmg.is\/?page_id=310"},"modified":"2021-07-21T23:34:39","modified_gmt":"2021-07-21T23:34:39","slug":"emma-adolfsdottir","status":"publish","type":"page","link":"https:\/\/lmg.is\/en\/emma-adolfsdottir\/","title":{"rendered":"Emma Adolfsd\u00f3ttir &#8211; English"},"content":{"rendered":"<p><span style=\"font-weight: 400;\">Emma Ad\u00f3lfsd\u00f3ttir lauk meistarapr\u00f3fi \u00ed l\u00f6gfr\u00e6\u00f0i fr\u00e1 H\u00e1sk\u00f3la \u00cdslands \u00e1ri\u00f0 2019. H\u00fan gekk til li\u00f0s vi\u00f0 LMB Mandat (n\u00fa LMG) \u00e1ri\u00f0 2020. Emma hefur talsver\u00f0a reynslu af ska\u00f0ab\u00f3tam\u00e1lum og hefur kynnst \u00feeim fr\u00e1 \u00f3l\u00edkum sj\u00f3narhornum, annars vegar sem laganemi hj\u00e1 Ver\u00f0i tryggingum \u00ed l\u00f6gfr\u00e6\u00f0i\u00fej\u00f3nustu tj\u00f3nadeildar og hins vegar sem l\u00f6gfr\u00e6\u00f0ingur hj\u00e1 \u00farskur\u00f0arnefnd velfer\u00f0arm\u00e1la.\u00a0<\/span><\/p>\n<p><span style=\"font-weight: 400;\">\u00c1 me\u00f0an l\u00f6gfr\u00e6\u00f0in\u00e1minu st\u00f3\u00f0 t\u00f3k Emma a\u00f0 s\u00e9r hlutverk a\u00f0sto\u00f0arkennara \u00ed eignarr\u00e9tti og lag\u00f0i stund \u00e1 l\u00f6gfr\u00e6\u00f0iranns\u00f3knir honum tengdum. \u00de\u00e1 var h\u00fan kennari \u00e1 upprifjunarn\u00e1mskei\u00f0um Orators \u00ed eignarr\u00e9tti og Evr\u00f3pur\u00e9tti.\u00a0 Emma \u00f3lst upp \u00ed Noregi og \u00f6\u00f0la\u00f0ist \u00feannig gott vald \u00e1 norsku, en h\u00fan hefur einnig l\u00e6rt s\u00e6nsku og d\u00f6nsku. Hluta \u00far n\u00e1minu var h\u00fan Nordplus styrk\u00feegi \u00ed Sv\u00ed\u00fej\u00f3\u00f0 vi\u00f0 Uppsala universitet og t\u00f3k \u00ed kj\u00f6lfari\u00f0 \u00fe\u00e1tt \u00ed Norr\u00e6nu m\u00e1lflutningskeppninni \u00ed Osl\u00f3 2018.\u00a0<\/span><\/p>\n<p><span style=\"font-weight: 400;\">Emma er mikil f\u00e9lagsvera og hefur sinnt margv\u00edslegum f\u00e9lagsst\u00f6rfum \u00ed gegnum t\u00ed\u00f0ina. \u00c1hugi hennar \u00e1 tungum\u00e1lum n\u00e6r einnig til r\u00f3m\u00f6nsku m\u00e1lanna, en h\u00fan hefur s\u00f3tt n\u00e1mskei\u00f0 \u00ed sp\u00e6nsku, fr\u00f6nsku og franskri menningu. Emma byrja\u00f0i n\u00fdlega a\u00f0 i\u00f0ka tennis, sem reyndist k\u00e6rkomin vi\u00f0b\u00f3t vi\u00f0 \u00fativistina og g\u00f6ngurnar sem h\u00fan stunda\u00f0i fyrir.\u00a0<\/span><\/p>\n","protected":false},"excerpt":{"rendered":"<p>Emma Ad\u00f3lfsd\u00f3ttir lauk meistarapr\u00f3fi \u00ed l\u00f6gfr\u00e6\u00f0i fr\u00e1 H\u00e1sk\u00f3la \u00cdslands \u00e1ri\u00f0 2019. H\u00fan gekk til li\u00f0s vi\u00f0 LMB Mandat (n\u00fa LMG) \u00e1ri\u00f0 2020. [&hellip;]<\/p>\n","protected":false},"author":1,"featured_media":0,"parent":0,"menu_order":0,"comment_status":"closed","ping_status":"closed","template":"page_generic.php","meta":{"_acf_changed":false,"_monsterinsights_skip_tracking":false,"_monsterinsights_sitenote_active":false,"_monsterinsights_sitenote_note":"","_monsterinsights_sitenote_category":0,"footnotes":""},"class_list":["post-310","page","type-page","status-publish","hentry"],"acf":{"sections":[{"type":"employee","text":"<p><span style=\"font-weight: 400;\">Emma Ad\u00f3lfsd\u00f3ttir completed her ML degree from the University of Iceland in 2019. She has experience in tort cases from various perspectives, on the one hand from working in insurance and on the other hand as a lawyer with The Welfare Appeals Committee.<\/span><\/p>\n<p>&nbsp;<\/p>\n<p><span style=\"font-weight: 400;\">Having grown up in Norway, Emma is fluent in Norwegian. She has also studied Swedish and Danish. She took part in The Nordplus Nordic Litigation Competition in 2018. She has done research on property law and taught in courses on property law and European law.\u00a0<\/span><\/p>\n<p>&nbsp;<\/p>\n<p><span style=\"font-weight: 400;\">Emma also takes an interest in the Romanic languages and has received lessons in Spanish, French and French culture. She likes hiking and outdoor activities and has recently started playing tennis. <\/span><\/p>\n","bg_image":false,"background_color":"","background_position":false,"services":false,"class":"","employees":false,"reviews":false,"headline":"","tagline":"","image":{"ID":245,"id":245,"title":"Emma Adolfsdottir","filename":"Emma.jpg","filesize":59335,"url":"https:\/\/lmg.is\/wp-content\/uploads\/2021\/05\/Emma.jpg","link":"https:\/\/lmg.is\/en\/ari-karlsson\/emma\/","alt":"Emma Adolfsd\u00f3ttir","author":"2","description":"","caption":"","name":"emma","status":"inherit","uploaded_to":201,"date":"2021-05-11 17:23:03","modified":"2021-05-11 17:25:13","menu_order":0,"mime_type":"image\/jpeg","type":"image","subtype":"jpeg","icon":"https:\/\/lmg.is\/wp-includes\/images\/media\/default.png","width":485,"height":1080,"sizes":{"thumbnail":"https:\/\/lmg.is\/wp-content\/uploads\/2021\/05\/Emma-150x150.jpg","thumbnail-width":150,"thumbnail-height":150,"medium":"https:\/\/lmg.is\/wp-content\/uploads\/2021\/05\/Emma-135x300.jpg","medium-width":135,"medium-height":300,"medium_large":"https:\/\/lmg.is\/wp-content\/uploads\/2021\/05\/Emma.jpg","medium_large-width":485,"medium_large-height":1080,"large":"https:\/\/lmg.is\/wp-content\/uploads\/2021\/05\/Emma-460x1024.jpg","large-width":460,"large-height":1024,"1536x1536":"https:\/\/lmg.is\/wp-content\/uploads\/2021\/05\/Emma.jpg","1536x1536-width":485,"1536x1536-height":1080,"2048x2048":"https:\/\/lmg.is\/wp-content\/uploads\/2021\/05\/Emma.jpg","2048x2048-width":485,"2048x2048-height":1080,"small-thumbnail":"https:\/\/lmg.is\/wp-content\/uploads\/2021\/05\/Emma-485x720.jpg","small-thumbnail-width":485,"small-thumbnail-height":720,"square-thumbnail":"https:\/\/lmg.is\/wp-content\/uploads\/2021\/05\/Emma-80x80.jpg","square-thumbnail-width":80,"square-thumbnail-height":80,"banner-image":"https:\/\/lmg.is\/wp-content\/uploads\/2021\/05\/Emma-485x1024.jpg","banner-image-width":485,"banner-image-height":1024}},"name":"Emma Adolfsd\u00f3ttir","profession":"Lawyer \/ Associate","email":"emma@lmg.is","work":false,"resume":false,"footer_text":"","section_id":""}]},"yoast_head":"<!-- This site is optimized with the Yoast SEO plugin v27.3 - https:\/\/yoast.com\/product\/yoast-seo-wordpress\/ -->\n<title>Emma Adolfsd\u00f3ttir - English - LMG<\/title>\n<meta name=\"robots\" content=\"index, follow, max-snippet:-1, max-image-preview:large, max-video-preview:-1\" \/>\n<link rel=\"canonical\" href=\"https:\/\/lmg.is\/en\/emma-adolfsdottir\/\" \/>\n<meta property=\"og:locale\" content=\"en_US\" \/>\n<meta property=\"og:type\" content=\"article\" \/>\n<meta property=\"og:title\" content=\"Emma Adolfsd\u00f3ttir - English - LMG\" \/>\n<meta property=\"og:description\" content=\"Emma Ad\u00f3lfsd\u00f3ttir lauk meistarapr\u00f3fi \u00ed l\u00f6gfr\u00e6\u00f0i fr\u00e1 H\u00e1sk\u00f3la \u00cdslands \u00e1ri\u00f0 2019. H\u00fan gekk til li\u00f0s vi\u00f0 LMB Mandat (n\u00fa LMG) \u00e1ri\u00f0 2020. [&hellip;]\" \/>\n<meta property=\"og:url\" content=\"https:\/\/lmg.is\/en\/emma-adolfsdottir\/\" \/>\n<meta property=\"og:site_name\" content=\"LMG\" \/>\n<meta property=\"article:modified_time\" content=\"2021-07-21T23:34:39+00:00\" \/>\n<meta name=\"twitter:card\" content=\"summary_large_image\" \/>\n<meta name=\"twitter:label1\" content=\"Est. reading time\" \/>\n\t<meta name=\"twitter:data1\" content=\"1 minute\" \/>\n<script type=\"application\/ld+json\" class=\"yoast-schema-graph\">{\"@context\":\"https:\\\/\\\/schema.org\",\"@graph\":[{\"@type\":\"WebPage\",\"@id\":\"https:\\\/\\\/lmg.is\\\/en\\\/emma-adolfsdottir\\\/\",\"url\":\"https:\\\/\\\/lmg.is\\\/en\\\/emma-adolfsdottir\\\/\",\"name\":\"Emma Adolfsd\u00f3ttir - English - LMG\",\"isPartOf\":{\"@id\":\"https:\\\/\\\/lmg.is\\\/en\\\/#website\"},\"datePublished\":\"2021-06-24T20:40:08+00:00\",\"dateModified\":\"2021-07-21T23:34:39+00:00\",\"breadcrumb\":{\"@id\":\"https:\\\/\\\/lmg.is\\\/en\\\/emma-adolfsdottir\\\/#breadcrumb\"},\"inLanguage\":\"en-US\",\"potentialAction\":[{\"@type\":\"ReadAction\",\"target\":[\"https:\\\/\\\/lmg.is\\\/en\\\/emma-adolfsdottir\\\/\"]}]},{\"@type\":\"BreadcrumbList\",\"@id\":\"https:\\\/\\\/lmg.is\\\/en\\\/emma-adolfsdottir\\\/#breadcrumb\",\"itemListElement\":[{\"@type\":\"ListItem\",\"position\":1,\"name\":\"Home\",\"item\":\"https:\\\/\\\/lmg.is\\\/en\\\/\"},{\"@type\":\"ListItem\",\"position\":2,\"name\":\"Emma Adolfsd\u00f3ttir &#8211; English\"}]},{\"@type\":\"WebSite\",\"@id\":\"https:\\\/\\\/lmg.is\\\/en\\\/#website\",\"url\":\"https:\\\/\\\/lmg.is\\\/en\\\/\",\"name\":\"LMG\",\"description\":\"L\u00f6gmenn\",\"publisher\":{\"@id\":\"https:\\\/\\\/lmg.is\\\/en\\\/#organization\"},\"potentialAction\":[{\"@type\":\"SearchAction\",\"target\":{\"@type\":\"EntryPoint\",\"urlTemplate\":\"https:\\\/\\\/lmg.is\\\/en\\\/?s={search_term_string}\"},\"query-input\":{\"@type\":\"PropertyValueSpecification\",\"valueRequired\":true,\"valueName\":\"search_term_string\"}}],\"inLanguage\":\"en-US\"},{\"@type\":\"Organization\",\"@id\":\"https:\\\/\\\/lmg.is\\\/en\\\/#organization\",\"name\":\"LMG legal services\",\"url\":\"https:\\\/\\\/lmg.is\\\/en\\\/\",\"logo\":{\"@type\":\"ImageObject\",\"inLanguage\":\"en-US\",\"@id\":\"https:\\\/\\\/lmg.is\\\/en\\\/#\\\/schema\\\/logo\\\/image\\\/\",\"url\":\"https:\\\/\\\/lmg.is\\\/wp-content\\\/uploads\\\/2021\\\/05\\\/isl-en.jpg\",\"contentUrl\":\"https:\\\/\\\/lmg.is\\\/wp-content\\\/uploads\\\/2021\\\/05\\\/isl-en.jpg\",\"width\":1524,\"height\":530,\"caption\":\"LMG legal services\"},\"image\":{\"@id\":\"https:\\\/\\\/lmg.is\\\/en\\\/#\\\/schema\\\/logo\\\/image\\\/\"}}]}<\/script>\n<!-- \/ Yoast SEO plugin. -->","yoast_head_json":{"title":"Emma Adolfsd\u00f3ttir - English - LMG","robots":{"index":"index","follow":"follow","max-snippet":"max-snippet:-1","max-image-preview":"max-image-preview:large","max-video-preview":"max-video-preview:-1"},"canonical":"https:\/\/lmg.is\/en\/emma-adolfsdottir\/","og_locale":"en_US","og_type":"article","og_title":"Emma Adolfsd\u00f3ttir - English - LMG","og_description":"Emma Ad\u00f3lfsd\u00f3ttir lauk meistarapr\u00f3fi \u00ed l\u00f6gfr\u00e6\u00f0i fr\u00e1 H\u00e1sk\u00f3la \u00cdslands \u00e1ri\u00f0 2019. H\u00fan gekk til li\u00f0s vi\u00f0 LMB Mandat (n\u00fa LMG) \u00e1ri\u00f0 2020. [&hellip;]","og_url":"https:\/\/lmg.is\/en\/emma-adolfsdottir\/","og_site_name":"LMG","article_modified_time":"2021-07-21T23:34:39+00:00","twitter_card":"summary_large_image","twitter_misc":{"Est. reading time":"1 minute"},"schema":{"@context":"https:\/\/schema.org","@graph":[{"@type":"WebPage","@id":"https:\/\/lmg.is\/en\/emma-adolfsdottir\/","url":"https:\/\/lmg.is\/en\/emma-adolfsdottir\/","name":"Emma Adolfsd\u00f3ttir - English - LMG","isPartOf":{"@id":"https:\/\/lmg.is\/en\/#website"},"datePublished":"2021-06-24T20:40:08+00:00","dateModified":"2021-07-21T23:34:39+00:00","breadcrumb":{"@id":"https:\/\/lmg.is\/en\/emma-adolfsdottir\/#breadcrumb"},"inLanguage":"en-US","potentialAction":[{"@type":"ReadAction","target":["https:\/\/lmg.is\/en\/emma-adolfsdottir\/"]}]},{"@type":"BreadcrumbList","@id":"https:\/\/lmg.is\/en\/emma-adolfsdottir\/#breadcrumb","itemListElement":[{"@type":"ListItem","position":1,"name":"Home","item":"https:\/\/lmg.is\/en\/"},{"@type":"ListItem","position":2,"name":"Emma Adolfsd\u00f3ttir &#8211; English"}]},{"@type":"WebSite","@id":"https:\/\/lmg.is\/en\/#website","url":"https:\/\/lmg.is\/en\/","name":"LMG","description":"L\u00f6gmenn","publisher":{"@id":"https:\/\/lmg.is\/en\/#organization"},"potentialAction":[{"@type":"SearchAction","target":{"@type":"EntryPoint","urlTemplate":"https:\/\/lmg.is\/en\/?s={search_term_string}"},"query-input":{"@type":"PropertyValueSpecification","valueRequired":true,"valueName":"search_term_string"}}],"inLanguage":"en-US"},{"@type":"Organization","@id":"https:\/\/lmg.is\/en\/#organization","name":"LMG legal services","url":"https:\/\/lmg.is\/en\/","logo":{"@type":"ImageObject","inLanguage":"en-US","@id":"https:\/\/lmg.is\/en\/#\/schema\/logo\/image\/","url":"https:\/\/lmg.is\/wp-content\/uploads\/2021\/05\/isl-en.jpg","contentUrl":"https:\/\/lmg.is\/wp-content\/uploads\/2021\/05\/isl-en.jpg","width":1524,"height":530,"caption":"LMG legal services"},"image":{"@id":"https:\/\/lmg.is\/en\/#\/schema\/logo\/image\/"}}]}},"_links":{"self":[{"href":"https:\/\/lmg.is\/en\/wp-json\/wp\/v2\/pages\/310","targetHints":{"allow":["GET"]}}],"collection":[{"href":"https:\/\/lmg.is\/en\/wp-json\/wp\/v2\/pages"}],"about":[{"href":"https:\/\/lmg.is\/en\/wp-json\/wp\/v2\/types\/page"}],"author":[{"embeddable":true,"href":"https:\/\/lmg.is\/en\/wp-json\/wp\/v2\/users\/1"}],"replies":[{"embeddable":true,"href":"https:\/\/lmg.is\/en\/wp-json\/wp\/v2\/comments?post=310"}],"version-history":[{"count":2,"href":"https:\/\/lmg.is\/en\/wp-json\/wp\/v2\/pages\/310\/revisions"}],"predecessor-version":[{"id":353,"href":"https:\/\/lmg.is\/en\/wp-json\/wp\/v2\/pages\/310\/revisions\/353"}],"wp:attachment":[{"href":"https:\/\/lmg.is\/en\/wp-json\/wp\/v2\/media?parent=310"}],"curies":[{"name":"wp","href":"https:\/\/api.w.org\/{rel}","templated":true}]}}