{"id":320,"date":"2021-07-21T12:25:57","date_gmt":"2021-07-21T12:25:57","guid":{"rendered":"https:\/\/lmg.is\/?page_id=320"},"modified":"2021-07-21T23:38:26","modified_gmt":"2021-07-21T23:38:26","slug":"ingunn-elisabet-markusdottir","status":"publish","type":"page","link":"https:\/\/lmg.is\/en\/ingunn-elisabet-markusdottir\/","title":{"rendered":"Ingunn El\u00edsabet Mark\u00fasd\u00f3ttir &#8211; English"},"content":{"rendered":"","protected":false},"excerpt":{"rendered":"","protected":false},"author":1,"featured_media":0,"parent":0,"menu_order":0,"comment_status":"closed","ping_status":"closed","template":"page_generic.php","meta":{"_acf_changed":false,"_monsterinsights_skip_tracking":false,"_monsterinsights_sitenote_active":false,"_monsterinsights_sitenote_note":"","_monsterinsights_sitenote_category":0,"footnotes":""},"class_list":["post-320","page","type-page","status-publish","hentry"],"acf":{"sections":[{"type":"employee","text":"<p><span style=\"font-weight: 400;\">Ingunn El\u00edsabet Mark\u00fasd\u00f3ttir completed her ML degree from the University of Iceland in 2020. That same year she joined LMB Mandat (now LMG) after having been a paralegal with us for some time.\u00a0<\/span><\/p>\n<p>&nbsp;<\/p>\n<p><span style=\"font-weight: 400;\">Ingunn is very interested in human rights and had the honour of being an intern at the European Court of Human Rights in Strasbourg one summer.<\/span><\/p>\n<p>&nbsp;<\/p>\n<p><span style=\"font-weight: 400;\">After a busy day at work Ingunn enjoys running while listening to good music. She also takes part in outdoor activities and goes hiking in the mountains year round.\u00a0<\/span><\/p>\n","bg_image":false,"background_color":"","background_position":false,"services":false,"class":"","employees":false,"reviews":false,"headline":"","tagline":"","image":{"ID":249,"id":249,"title":"Ingunn El\u00edsabet Mark\u00fasd\u00f3ttir","filename":"Ingunn.jpg","filesize":299258,"url":"https:\/\/lmg.is\/wp-content\/uploads\/2021\/05\/Ingunn.jpg","link":"https:\/\/lmg.is\/en\/ari-karlsson\/ingunn\/","alt":"Ingunn El\u00edsabet Mark\u00fasd\u00f3ttir","author":"2","description":"","caption":"","name":"ingunn","status":"inherit","uploaded_to":201,"date":"2021-05-11 17:23:05","modified":"2021-05-11 17:27:18","menu_order":0,"mime_type":"image\/jpeg","type":"image","subtype":"jpeg","icon":"https:\/\/lmg.is\/wp-includes\/images\/media\/default.png","width":485,"height":1080,"sizes":{"thumbnail":"https:\/\/lmg.is\/wp-content\/uploads\/2021\/05\/Ingunn-150x150.jpg","thumbnail-width":150,"thumbnail-height":150,"medium":"https:\/\/lmg.is\/wp-content\/uploads\/2021\/05\/Ingunn-135x300.jpg","medium-width":135,"medium-height":300,"medium_large":"https:\/\/lmg.is\/wp-content\/uploads\/2021\/05\/Ingunn.jpg","medium_large-width":485,"medium_large-height":1080,"large":"https:\/\/lmg.is\/wp-content\/uploads\/2021\/05\/Ingunn-460x1024.jpg","large-width":460,"large-height":1024,"1536x1536":"https:\/\/lmg.is\/wp-content\/uploads\/2021\/05\/Ingunn.jpg","1536x1536-width":485,"1536x1536-height":1080,"2048x2048":"https:\/\/lmg.is\/wp-content\/uploads\/2021\/05\/Ingunn.jpg","2048x2048-width":485,"2048x2048-height":1080,"small-thumbnail":"https:\/\/lmg.is\/wp-content\/uploads\/2021\/05\/Ingunn-485x720.jpg","small-thumbnail-width":485,"small-thumbnail-height":720,"square-thumbnail":"https:\/\/lmg.is\/wp-content\/uploads\/2021\/05\/Ingunn-80x80.jpg","square-thumbnail-width":80,"square-thumbnail-height":80,"banner-image":"https:\/\/lmg.is\/wp-content\/uploads\/2021\/05\/Ingunn-485x1024.jpg","banner-image-width":485,"banner-image-height":1024}},"name":"Ingunn El\u00edsabet Mark\u00fasd\u00f3ttir","profession":"Lawyer \/ Associate","email":"ingunn@lmg.is","work":false,"resume":false,"footer_text":"","section_id":""}]},"yoast_head":"<!-- This site is optimized with the Yoast SEO plugin v27.4 - https:\/\/yoast.com\/product\/yoast-seo-wordpress\/ -->\n<title>Ingunn El\u00edsabet Mark\u00fasd\u00f3ttir - English - LMG<\/title>\n<meta name=\"robots\" content=\"index, follow, max-snippet:-1, max-image-preview:large, max-video-preview:-1\" \/>\n<link rel=\"canonical\" href=\"https:\/\/lmg.is\/en\/ingunn-elisabet-markusdottir\/\" \/>\n<meta property=\"og:locale\" content=\"en_US\" \/>\n<meta property=\"og:type\" content=\"article\" \/>\n<meta property=\"og:title\" content=\"Ingunn El\u00edsabet Mark\u00fasd\u00f3ttir - English - LMG\" \/>\n<meta property=\"og:url\" content=\"https:\/\/lmg.is\/en\/ingunn-elisabet-markusdottir\/\" \/>\n<meta property=\"og:site_name\" content=\"LMG\" \/>\n<meta property=\"article:modified_time\" content=\"2021-07-21T23:38:26+00:00\" \/>\n<meta name=\"twitter:card\" content=\"summary_large_image\" \/>\n<script type=\"application\/ld+json\" class=\"yoast-schema-graph\">{\"@context\":\"https:\\\/\\\/schema.org\",\"@graph\":[{\"@type\":\"WebPage\",\"@id\":\"https:\\\/\\\/lmg.is\\\/en\\\/ingunn-elisabet-markusdottir\\\/\",\"url\":\"https:\\\/\\\/lmg.is\\\/en\\\/ingunn-elisabet-markusdottir\\\/\",\"name\":\"Ingunn El\u00edsabet Mark\u00fasd\u00f3ttir - English - LMG\",\"isPartOf\":{\"@id\":\"https:\\\/\\\/lmg.is\\\/en\\\/#website\"},\"datePublished\":\"2021-07-21T12:25:57+00:00\",\"dateModified\":\"2021-07-21T23:38:26+00:00\",\"breadcrumb\":{\"@id\":\"https:\\\/\\\/lmg.is\\\/en\\\/ingunn-elisabet-markusdottir\\\/#breadcrumb\"},\"inLanguage\":\"en-US\",\"potentialAction\":[{\"@type\":\"ReadAction\",\"target\":[\"https:\\\/\\\/lmg.is\\\/en\\\/ingunn-elisabet-markusdottir\\\/\"]}]},{\"@type\":\"BreadcrumbList\",\"@id\":\"https:\\\/\\\/lmg.is\\\/en\\\/ingunn-elisabet-markusdottir\\\/#breadcrumb\",\"itemListElement\":[{\"@type\":\"ListItem\",\"position\":1,\"name\":\"Home\",\"item\":\"https:\\\/\\\/lmg.is\\\/en\\\/\"},{\"@type\":\"ListItem\",\"position\":2,\"name\":\"Ingunn El\u00edsabet Mark\u00fasd\u00f3ttir &#8211; English\"}]},{\"@type\":\"WebSite\",\"@id\":\"https:\\\/\\\/lmg.is\\\/en\\\/#website\",\"url\":\"https:\\\/\\\/lmg.is\\\/en\\\/\",\"name\":\"LMG\",\"description\":\"L\u00f6gmenn\",\"publisher\":{\"@id\":\"https:\\\/\\\/lmg.is\\\/en\\\/#organization\"},\"potentialAction\":[{\"@type\":\"SearchAction\",\"target\":{\"@type\":\"EntryPoint\",\"urlTemplate\":\"https:\\\/\\\/lmg.is\\\/en\\\/?s={search_term_string}\"},\"query-input\":{\"@type\":\"PropertyValueSpecification\",\"valueRequired\":true,\"valueName\":\"search_term_string\"}}],\"inLanguage\":\"en-US\"},{\"@type\":\"Organization\",\"@id\":\"https:\\\/\\\/lmg.is\\\/en\\\/#organization\",\"name\":\"LMG legal services\",\"url\":\"https:\\\/\\\/lmg.is\\\/en\\\/\",\"logo\":{\"@type\":\"ImageObject\",\"inLanguage\":\"en-US\",\"@id\":\"https:\\\/\\\/lmg.is\\\/en\\\/#\\\/schema\\\/logo\\\/image\\\/\",\"url\":\"https:\\\/\\\/lmg.is\\\/wp-content\\\/uploads\\\/2021\\\/05\\\/isl-en.jpg\",\"contentUrl\":\"https:\\\/\\\/lmg.is\\\/wp-content\\\/uploads\\\/2021\\\/05\\\/isl-en.jpg\",\"width\":1524,\"height\":530,\"caption\":\"LMG legal services\"},\"image\":{\"@id\":\"https:\\\/\\\/lmg.is\\\/en\\\/#\\\/schema\\\/logo\\\/image\\\/\"}}]}<\/script>\n<!-- \/ Yoast SEO plugin. -->","yoast_head_json":{"title":"Ingunn El\u00edsabet Mark\u00fasd\u00f3ttir - English - LMG","robots":{"index":"index","follow":"follow","max-snippet":"max-snippet:-1","max-image-preview":"max-image-preview:large","max-video-preview":"max-video-preview:-1"},"canonical":"https:\/\/lmg.is\/en\/ingunn-elisabet-markusdottir\/","og_locale":"en_US","og_type":"article","og_title":"Ingunn El\u00edsabet Mark\u00fasd\u00f3ttir - English - LMG","og_url":"https:\/\/lmg.is\/en\/ingunn-elisabet-markusdottir\/","og_site_name":"LMG","article_modified_time":"2021-07-21T23:38:26+00:00","twitter_card":"summary_large_image","schema":{"@context":"https:\/\/schema.org","@graph":[{"@type":"WebPage","@id":"https:\/\/lmg.is\/en\/ingunn-elisabet-markusdottir\/","url":"https:\/\/lmg.is\/en\/ingunn-elisabet-markusdottir\/","name":"Ingunn El\u00edsabet Mark\u00fasd\u00f3ttir - English - LMG","isPartOf":{"@id":"https:\/\/lmg.is\/en\/#website"},"datePublished":"2021-07-21T12:25:57+00:00","dateModified":"2021-07-21T23:38:26+00:00","breadcrumb":{"@id":"https:\/\/lmg.is\/en\/ingunn-elisabet-markusdottir\/#breadcrumb"},"inLanguage":"en-US","potentialAction":[{"@type":"ReadAction","target":["https:\/\/lmg.is\/en\/ingunn-elisabet-markusdottir\/"]}]},{"@type":"BreadcrumbList","@id":"https:\/\/lmg.is\/en\/ingunn-elisabet-markusdottir\/#breadcrumb","itemListElement":[{"@type":"ListItem","position":1,"name":"Home","item":"https:\/\/lmg.is\/en\/"},{"@type":"ListItem","position":2,"name":"Ingunn El\u00edsabet Mark\u00fasd\u00f3ttir &#8211; English"}]},{"@type":"WebSite","@id":"https:\/\/lmg.is\/en\/#website","url":"https:\/\/lmg.is\/en\/","name":"LMG","description":"L\u00f6gmenn","publisher":{"@id":"https:\/\/lmg.is\/en\/#organization"},"potentialAction":[{"@type":"SearchAction","target":{"@type":"EntryPoint","urlTemplate":"https:\/\/lmg.is\/en\/?s={search_term_string}"},"query-input":{"@type":"PropertyValueSpecification","valueRequired":true,"valueName":"search_term_string"}}],"inLanguage":"en-US"},{"@type":"Organization","@id":"https:\/\/lmg.is\/en\/#organization","name":"LMG legal services","url":"https:\/\/lmg.is\/en\/","logo":{"@type":"ImageObject","inLanguage":"en-US","@id":"https:\/\/lmg.is\/en\/#\/schema\/logo\/image\/","url":"https:\/\/lmg.is\/wp-content\/uploads\/2021\/05\/isl-en.jpg","contentUrl":"https:\/\/lmg.is\/wp-content\/uploads\/2021\/05\/isl-en.jpg","width":1524,"height":530,"caption":"LMG legal services"},"image":{"@id":"https:\/\/lmg.is\/en\/#\/schema\/logo\/image\/"}}]}},"_links":{"self":[{"href":"https:\/\/lmg.is\/en\/wp-json\/wp\/v2\/pages\/320","targetHints":{"allow":["GET"]}}],"collection":[{"href":"https:\/\/lmg.is\/en\/wp-json\/wp\/v2\/pages"}],"about":[{"href":"https:\/\/lmg.is\/en\/wp-json\/wp\/v2\/types\/page"}],"author":[{"embeddable":true,"href":"https:\/\/lmg.is\/en\/wp-json\/wp\/v2\/users\/1"}],"replies":[{"embeddable":true,"href":"https:\/\/lmg.is\/en\/wp-json\/wp\/v2\/comments?post=320"}],"version-history":[{"count":2,"href":"https:\/\/lmg.is\/en\/wp-json\/wp\/v2\/pages\/320\/revisions"}],"predecessor-version":[{"id":360,"href":"https:\/\/lmg.is\/en\/wp-json\/wp\/v2\/pages\/320\/revisions\/360"}],"wp:attachment":[{"href":"https:\/\/lmg.is\/en\/wp-json\/wp\/v2\/media?parent=320"}],"curies":[{"name":"wp","href":"https:\/\/api.w.org\/{rel}","templated":true}]}}