{"id":326,"date":"2021-07-21T12:35:47","date_gmt":"2021-07-21T12:35:47","guid":{"rendered":"https:\/\/lmg.is\/?page_id=326"},"modified":"2021-07-21T23:40:16","modified_gmt":"2021-07-21T23:40:16","slug":"stefan-arni-audolfsson","status":"publish","type":"page","link":"https:\/\/lmg.is\/en\/stefan-arni-audolfsson\/","title":{"rendered":"Stef\u00e1n \u00c1rni Au\u00f0\u00f3lfsson &#8211; English"},"content":{"rendered":"","protected":false},"excerpt":{"rendered":"","protected":false},"author":1,"featured_media":0,"parent":0,"menu_order":0,"comment_status":"closed","ping_status":"closed","template":"page_generic.php","meta":{"_acf_changed":false,"_monsterinsights_skip_tracking":false,"_monsterinsights_sitenote_active":false,"_monsterinsights_sitenote_note":"","_monsterinsights_sitenote_category":0,"footnotes":""},"class_list":["post-326","page","type-page","status-publish","hentry"],"acf":{"sections":[{"type":"employee","text":"<p><span style=\"font-weight: 400;\">Stef\u00e1n \u00c1rni Au\u00f0\u00f3lfsson, is an attorney and highly regarded professional when it comes to corporate and financing projects. Besides his legal studies, Stef\u00e1n also has a degree in stock marketing. He completed an LLM degree in International Business Law from Kent Law School in Canterbury in 2003.\u00a0<\/span><\/p>\n<p>&nbsp;<\/p>\n<p><span style=\"font-weight: 400;\">Stef\u00e1n \u00c1rni has been a board member in various companies, from startups to established corporations and advised on numerous large-scale international hotel development and real estate projects in downtown Reykjav\u00edk.\u00a0<\/span><\/p>\n<p>&nbsp;<\/p>\n<p><span style=\"font-weight: 400;\">A clever negotiator, Stef\u00e1n is excellent at pinpointing where the main interests lie. He likes the outdoors and regularly takes part in endurance competitions, in line with his character as someone who enjoys challenging assignments that demand lasting stamina and resourcefulness.<\/span><\/p>\n","bg_image":false,"background_color":"","background_position":false,"services":false,"class":"","employees":false,"reviews":false,"headline":"","tagline":"It can often come in handy to have diverse experience and knowledge. It gives more insight into your clients\u2019 needs and helps you to work in their best interest.","image":{"ID":251,"id":251,"title":"Stef\u00e1n \u00c1rni Au\u00f0\u00f3lfsson","filename":"Stefan.jpg","filesize":86325,"url":"https:\/\/lmg.is\/wp-content\/uploads\/2021\/05\/Stefan.jpg","link":"https:\/\/lmg.is\/en\/ari-karlsson\/stefan\/","alt":"Stef\u00e1n \u00c1rni Au\u00f0\u00f3lfsson","author":"2","description":"","caption":"","name":"stefan","status":"inherit","uploaded_to":201,"date":"2021-05-11 17:23:06","modified":"2021-05-11 17:32:15","menu_order":0,"mime_type":"image\/jpeg","type":"image","subtype":"jpeg","icon":"https:\/\/lmg.is\/wp-includes\/images\/media\/default.png","width":485,"height":1080,"sizes":{"thumbnail":"https:\/\/lmg.is\/wp-content\/uploads\/2021\/05\/Stefan-150x150.jpg","thumbnail-width":150,"thumbnail-height":150,"medium":"https:\/\/lmg.is\/wp-content\/uploads\/2021\/05\/Stefan-135x300.jpg","medium-width":135,"medium-height":300,"medium_large":"https:\/\/lmg.is\/wp-content\/uploads\/2021\/05\/Stefan.jpg","medium_large-width":485,"medium_large-height":1080,"large":"https:\/\/lmg.is\/wp-content\/uploads\/2021\/05\/Stefan-460x1024.jpg","large-width":460,"large-height":1024,"1536x1536":"https:\/\/lmg.is\/wp-content\/uploads\/2021\/05\/Stefan.jpg","1536x1536-width":485,"1536x1536-height":1080,"2048x2048":"https:\/\/lmg.is\/wp-content\/uploads\/2021\/05\/Stefan.jpg","2048x2048-width":485,"2048x2048-height":1080,"small-thumbnail":"https:\/\/lmg.is\/wp-content\/uploads\/2021\/05\/Stefan-485x720.jpg","small-thumbnail-width":485,"small-thumbnail-height":720,"square-thumbnail":"https:\/\/lmg.is\/wp-content\/uploads\/2021\/05\/Stefan-80x80.jpg","square-thumbnail-width":80,"square-thumbnail-height":80,"banner-image":"https:\/\/lmg.is\/wp-content\/uploads\/2021\/05\/Stefan-485x1024.jpg","banner-image-width":485,"banner-image-height":1024}},"name":"Stef\u00e1n \u00c1rni Au\u00f0\u00f3lfsson","profession":"Attorney \/ Partner","email":"stefan@lmg.is","work":[{"name":"Banking and Finance"},{"name":"Company Law"},{"name":"Contracts and Obligations"},{"name":"Financial Restructuring"},{"name":"Securities Law"},{"name":"Family Law"},{"name":"General Advice"}],"resume":false,"footer_text":"","section_id":""}]},"yoast_head":"<!-- This site is optimized with the Yoast SEO plugin v27.4 - https:\/\/yoast.com\/product\/yoast-seo-wordpress\/ -->\n<title>Stef\u00e1n \u00c1rni Au\u00f0\u00f3lfsson - English - LMG<\/title>\n<meta name=\"robots\" content=\"index, follow, max-snippet:-1, max-image-preview:large, max-video-preview:-1\" \/>\n<link rel=\"canonical\" href=\"https:\/\/lmg.is\/en\/stefan-arni-audolfsson\/\" \/>\n<meta property=\"og:locale\" content=\"en_US\" \/>\n<meta property=\"og:type\" content=\"article\" \/>\n<meta property=\"og:title\" content=\"Stef\u00e1n \u00c1rni Au\u00f0\u00f3lfsson - English - LMG\" \/>\n<meta property=\"og:url\" content=\"https:\/\/lmg.is\/en\/stefan-arni-audolfsson\/\" \/>\n<meta property=\"og:site_name\" content=\"LMG\" \/>\n<meta property=\"article:modified_time\" content=\"2021-07-21T23:40:16+00:00\" \/>\n<meta name=\"twitter:card\" content=\"summary_large_image\" \/>\n<script type=\"application\/ld+json\" class=\"yoast-schema-graph\">{\"@context\":\"https:\\\/\\\/schema.org\",\"@graph\":[{\"@type\":\"WebPage\",\"@id\":\"https:\\\/\\\/lmg.is\\\/en\\\/stefan-arni-audolfsson\\\/\",\"url\":\"https:\\\/\\\/lmg.is\\\/en\\\/stefan-arni-audolfsson\\\/\",\"name\":\"Stef\u00e1n \u00c1rni Au\u00f0\u00f3lfsson - English - LMG\",\"isPartOf\":{\"@id\":\"https:\\\/\\\/lmg.is\\\/en\\\/#website\"},\"datePublished\":\"2021-07-21T12:35:47+00:00\",\"dateModified\":\"2021-07-21T23:40:16+00:00\",\"breadcrumb\":{\"@id\":\"https:\\\/\\\/lmg.is\\\/en\\\/stefan-arni-audolfsson\\\/#breadcrumb\"},\"inLanguage\":\"en-US\",\"potentialAction\":[{\"@type\":\"ReadAction\",\"target\":[\"https:\\\/\\\/lmg.is\\\/en\\\/stefan-arni-audolfsson\\\/\"]}]},{\"@type\":\"BreadcrumbList\",\"@id\":\"https:\\\/\\\/lmg.is\\\/en\\\/stefan-arni-audolfsson\\\/#breadcrumb\",\"itemListElement\":[{\"@type\":\"ListItem\",\"position\":1,\"name\":\"Home\",\"item\":\"https:\\\/\\\/lmg.is\\\/en\\\/\"},{\"@type\":\"ListItem\",\"position\":2,\"name\":\"Stef\u00e1n \u00c1rni Au\u00f0\u00f3lfsson &#8211; English\"}]},{\"@type\":\"WebSite\",\"@id\":\"https:\\\/\\\/lmg.is\\\/en\\\/#website\",\"url\":\"https:\\\/\\\/lmg.is\\\/en\\\/\",\"name\":\"LMG\",\"description\":\"L\u00f6gmenn\",\"publisher\":{\"@id\":\"https:\\\/\\\/lmg.is\\\/en\\\/#organization\"},\"potentialAction\":[{\"@type\":\"SearchAction\",\"target\":{\"@type\":\"EntryPoint\",\"urlTemplate\":\"https:\\\/\\\/lmg.is\\\/en\\\/?s={search_term_string}\"},\"query-input\":{\"@type\":\"PropertyValueSpecification\",\"valueRequired\":true,\"valueName\":\"search_term_string\"}}],\"inLanguage\":\"en-US\"},{\"@type\":\"Organization\",\"@id\":\"https:\\\/\\\/lmg.is\\\/en\\\/#organization\",\"name\":\"LMG legal services\",\"url\":\"https:\\\/\\\/lmg.is\\\/en\\\/\",\"logo\":{\"@type\":\"ImageObject\",\"inLanguage\":\"en-US\",\"@id\":\"https:\\\/\\\/lmg.is\\\/en\\\/#\\\/schema\\\/logo\\\/image\\\/\",\"url\":\"https:\\\/\\\/lmg.is\\\/wp-content\\\/uploads\\\/2021\\\/05\\\/isl-en.jpg\",\"contentUrl\":\"https:\\\/\\\/lmg.is\\\/wp-content\\\/uploads\\\/2021\\\/05\\\/isl-en.jpg\",\"width\":1524,\"height\":530,\"caption\":\"LMG legal services\"},\"image\":{\"@id\":\"https:\\\/\\\/lmg.is\\\/en\\\/#\\\/schema\\\/logo\\\/image\\\/\"}}]}<\/script>\n<!-- \/ Yoast SEO plugin. -->","yoast_head_json":{"title":"Stef\u00e1n \u00c1rni Au\u00f0\u00f3lfsson - English - LMG","robots":{"index":"index","follow":"follow","max-snippet":"max-snippet:-1","max-image-preview":"max-image-preview:large","max-video-preview":"max-video-preview:-1"},"canonical":"https:\/\/lmg.is\/en\/stefan-arni-audolfsson\/","og_locale":"en_US","og_type":"article","og_title":"Stef\u00e1n \u00c1rni Au\u00f0\u00f3lfsson - English - LMG","og_url":"https:\/\/lmg.is\/en\/stefan-arni-audolfsson\/","og_site_name":"LMG","article_modified_time":"2021-07-21T23:40:16+00:00","twitter_card":"summary_large_image","schema":{"@context":"https:\/\/schema.org","@graph":[{"@type":"WebPage","@id":"https:\/\/lmg.is\/en\/stefan-arni-audolfsson\/","url":"https:\/\/lmg.is\/en\/stefan-arni-audolfsson\/","name":"Stef\u00e1n \u00c1rni Au\u00f0\u00f3lfsson - English - LMG","isPartOf":{"@id":"https:\/\/lmg.is\/en\/#website"},"datePublished":"2021-07-21T12:35:47+00:00","dateModified":"2021-07-21T23:40:16+00:00","breadcrumb":{"@id":"https:\/\/lmg.is\/en\/stefan-arni-audolfsson\/#breadcrumb"},"inLanguage":"en-US","potentialAction":[{"@type":"ReadAction","target":["https:\/\/lmg.is\/en\/stefan-arni-audolfsson\/"]}]},{"@type":"BreadcrumbList","@id":"https:\/\/lmg.is\/en\/stefan-arni-audolfsson\/#breadcrumb","itemListElement":[{"@type":"ListItem","position":1,"name":"Home","item":"https:\/\/lmg.is\/en\/"},{"@type":"ListItem","position":2,"name":"Stef\u00e1n \u00c1rni Au\u00f0\u00f3lfsson &#8211; English"}]},{"@type":"WebSite","@id":"https:\/\/lmg.is\/en\/#website","url":"https:\/\/lmg.is\/en\/","name":"LMG","description":"L\u00f6gmenn","publisher":{"@id":"https:\/\/lmg.is\/en\/#organization"},"potentialAction":[{"@type":"SearchAction","target":{"@type":"EntryPoint","urlTemplate":"https:\/\/lmg.is\/en\/?s={search_term_string}"},"query-input":{"@type":"PropertyValueSpecification","valueRequired":true,"valueName":"search_term_string"}}],"inLanguage":"en-US"},{"@type":"Organization","@id":"https:\/\/lmg.is\/en\/#organization","name":"LMG legal services","url":"https:\/\/lmg.is\/en\/","logo":{"@type":"ImageObject","inLanguage":"en-US","@id":"https:\/\/lmg.is\/en\/#\/schema\/logo\/image\/","url":"https:\/\/lmg.is\/wp-content\/uploads\/2021\/05\/isl-en.jpg","contentUrl":"https:\/\/lmg.is\/wp-content\/uploads\/2021\/05\/isl-en.jpg","width":1524,"height":530,"caption":"LMG legal services"},"image":{"@id":"https:\/\/lmg.is\/en\/#\/schema\/logo\/image\/"}}]}},"_links":{"self":[{"href":"https:\/\/lmg.is\/en\/wp-json\/wp\/v2\/pages\/326","targetHints":{"allow":["GET"]}}],"collection":[{"href":"https:\/\/lmg.is\/en\/wp-json\/wp\/v2\/pages"}],"about":[{"href":"https:\/\/lmg.is\/en\/wp-json\/wp\/v2\/types\/page"}],"author":[{"embeddable":true,"href":"https:\/\/lmg.is\/en\/wp-json\/wp\/v2\/users\/1"}],"replies":[{"embeddable":true,"href":"https:\/\/lmg.is\/en\/wp-json\/wp\/v2\/comments?post=326"}],"version-history":[{"count":2,"href":"https:\/\/lmg.is\/en\/wp-json\/wp\/v2\/pages\/326\/revisions"}],"predecessor-version":[{"id":364,"href":"https:\/\/lmg.is\/en\/wp-json\/wp\/v2\/pages\/326\/revisions\/364"}],"wp:attachment":[{"href":"https:\/\/lmg.is\/en\/wp-json\/wp\/v2\/media?parent=326"}],"curies":[{"name":"wp","href":"https:\/\/api.w.org\/{rel}","templated":true}]}}